{"id":7946,"date":"2020-12-19T14:53:24","date_gmt":"2020-12-19T13:53:24","guid":{"rendered":"https:\/\/shop.bake-street.com\/?post_type=product&#038;p=7946"},"modified":"2023-02-17T12:23:51","modified_gmt":"2023-02-17T11:23:51","slug":"roscon-de-reyes-workshop","status":"publish","type":"product","link":"https:\/\/shop.bake-street.com\/en\/producto\/roscon-de-reyes-workshop\/","title":{"rendered":"Rosc\u00f3n de Reyes Workshop"},"content":{"rendered":"<p>At Christmas we can enjoy a wide and unimaginable assortment of pastries,but one of those that cannot be missing from our tables is the classic <strong>Rosc\u00f3n de Reyes<\/strong>, a traditional sweet bread from Spain. Enjoy making your own <em>roscones<\/em> at home, and not only will you surprise your family, but you will also enjoy the whole process of making them.<\/p>\n<p style=\"text-align: center;\"><strong>Create it with your own hands!<\/strong><\/p>\n<div class=\"ast-oembed-container \" style=\"height: 100%;\"><iframe src=\"https:\/\/player.vimeo.com\/video\/493484586?dnt=1&amp;app_id=122963\" width=\"500\" height=\"281\" frameborder=\"0\" allow=\"autoplay; fullscreen; picture-in-picture; clipboard-write\"><\/iframe><\/div>\n<p>&nbsp;<\/p>\n<p>During the workshop we will learn how to make a <strong>basic recipe for our <em>roscones<\/em> and another spiced on<\/strong><strong>e<\/strong>. We will see how to elaborate the traditional recipe of <em>Rosc\u00f3n de Reyes<\/em> and how to make homemade candied fruits, with a juicy and very tender result.<\/p>\n<p>We will also learn<strong> 6 more recipes for our <em>Rosc\u00f3n de Reyes<\/em><\/strong>, new and different, perfect for the most exquisite palates. Some of them are dedicated to and inspired by our Majesties of the East, the Three Kings\/Wise Men:<\/p>\n<ul>\n<li><strong>Rosc\u00f3n Lemon Pie<\/strong>: Get to know the origin of the famous Lemon Pie, as well as learn how to make an exquisite lemon curd and Italian meringue cream.<\/li>\n<li><strong>Rosc\u00f3n &#8220;<em>La Vie en Rose<\/em>&#8220;<\/strong>: Rosc\u00f3n inspired by the famous song of <em>\u00c9dith Piaf<\/em>, we will see how to prepare a different decoration carried out with pink craquelin and a creamy and soft flavored filling accompanied by fresh fruit.<\/li>\n<li><strong>Rosc\u00f3n Black Forest<\/strong>: Learn about the origin of this famous cake and enjoy adapting it to<em> rosc\u00f3n<\/em>. We will learn how to create a crackle effect on the surface with a shiny chocolate and cocoa powder coating, as well as two types of creams for the filling.<\/li>\n<li><strong>Rosc\u00f3n Melchior; Cabrales &amp; apple cheese<\/strong>. A very original <em>rosc\u00f3<\/em>n that you will love if you like strong and marked flavours. We will see how to make a sweet cream made with Cabrales cheese (or another variety of blue cheese) and homemade apple cheese.<\/li>\n<li><strong>Rosc\u00f3n Caspar; <em>Pain d&#8217; \u00e9pices<\/em> (in this rosc\u00f3n we elaborate the spiced dough)<\/strong>. A totally different <em>rosc\u00f3n<\/em>, full of aromas and flavours that will awaken your senses. Along with the traditional <em>rosc\u00f3n<\/em>, it is the only one that does not need filling to be fully enjoyed. Get to know the origin of this sweet bread and learn how to transform it into this delicate <em>rosc\u00f3n<\/em>.<\/li>\n<li><strong>Rosc\u00f3n Balthazar; Sachertorte<\/strong>. Get to know the origin of the cake that gives shape to this <em>rosc\u00f3n<\/em> and learn how to make a shiny chocolate coating, along with a mousseline cream for the filling.<\/li>\n<\/ul>\n<p>Each of the recipes is carried out with different creams, fillings or decorations that we will also learn to make during the workshop.<\/p>\n<h4>WHAT ARE THE REQUIREMENTS TO DO THE WORKSHOP?<\/h4>\n<p>No previous experience in dough production is necessary. In the workshop <strong>you will receive basic notions about the ingredients and processes to be able to carry them out<\/strong>. All the <em>roscones<\/em> are made with a preferment made of yeast in order to make it easier and simpler.<\/p>\n<p>I will teach you how to make the dough in a kneader, but in case you don&#8217;t have one, you can make them by hand.<\/p>\n<h4>HOW DOES THE WORKSHOP PROGRESS?<\/h4>\n<p>The workshop took place on a <strong>private platform<\/strong> where only registered students will have access through a username and password.<\/p>\n<p>As it is an online course, <strong>all the videos are previously recorded<\/strong> so you can watch them as many times as you need. The topics will be published daily, but the pace of the workshop is set by you. You can access the workshop at any time and from any device (mobile, desktop, tablet \/ iPad).<\/p>\n<p style=\"text-align: center;\"><strong>The purpose of the workshop is to learn and make the process easy, fun and enjoyable<\/strong><\/p>\n<p>Each elaboration is accompanied by a video in which you can see how to carry out the process, as well as the written recipe, detailed and explained, so that there are no doubts in the elaborations.<\/p>\n<p>You will have available the <strong>whole course in downloadable PDF format<\/strong>; topics and recipes.<\/p>\n<p>You will have access to NO SUPERVISED workshop for<strong> 6 months from the day of purchase<\/strong>.<\/p>\n<h4>WHAT DO I NEED TO DO THIS WORKSHOP?<\/h4>\n<p>To do this course we will need materials and ingredients that, most likely, you have almost always at home. Except for some of them.<\/p>\n<p><span style=\"text-decoration: underline;\"><em><strong>If your country is not listed, please do not hesitate to contact us.<\/strong><\/em><\/span><\/p>\n<p><strong>MATERIALS:<\/strong><\/p>\n<ul>\n<li>Baking tray (preferably perforated for more even baking)<\/li>\n<li><span style=\"font-size: 16px;\">Teflon or silpat sheets and baking paper<\/span><\/li>\n<li>Digital thermometer<\/li>\n<li>Grater<\/li>\n<li>Silicone or pastry brush<\/li>\n<\/ul>\n<p><strong>INGREDIENTS:<\/strong><\/p>\n<ul>\n<li>Bread flour (proteins 10,5%)<\/li>\n<li>Yeasto (dry or fresh)<\/li>\n<li>Sugar<\/li>\n<li>Eggs<\/li>\n<li>Unsalted butter<\/li>\n<li>Whole milk<\/li>\n<li>Honey<\/li>\n<li>Milk chocolate and black chocolate 70%<\/li>\n<li>Fat\/heavy cream<\/li>\n<li>Mascarpone cheese<\/li>\n<li>Jams of various flavors (cherry, raspberry and apricot)<\/li>\n<li>Fresh raspberries<\/li>\n<li>Apples<\/li>\n<li>Cabrales cheese or another variety of blue cheese<\/li>\n<li>Glucose<\/li>\n<li>Oranges and lemons<\/li>\n<li>Candied cherries and Maraschino cherry (optional)<\/li>\n<li>Concentrated orange paste<\/li>\n<li>Orange blossom water<\/li>\n<li>Vanilla extract<\/li>\n<li>Raspberry extract<\/li>\n<li>Rum, Bourbon, Amaro Nonino (optional), Angostura (optional) you can use Cointreau instead<\/li>\n<li>Gelatin sheets<\/li>\n<li>Chopped almonds<\/li>\n<li>Pearled sugar<\/li>\n<li>Cocoa powder<\/li>\n<li>Icing sugar<\/li>\n<li>Dried apricots<\/li>\n<li>Fresh ginger<\/li>\n<li>Pecans (optional)<\/li>\n<li>Spices; ginger powder, cinnamon powder, star aniseed, cinnamon sticks, ground aniseed, all spice (optional)<\/li>\n<li>Food coloring paste, Claret<\/li>\n<li>Edible gold coloring powder (optional)<\/li>\n<li>Gold leaf (optional)<\/li>\n<\/ul>\n","protected":false},"excerpt":{"rendered":"<p>Make your own roscones at home and, not only will you surprise your relatives, but you will also enjoy the whole process of elaboration.<\/p>\n<p>Learn how to elaborate the traditional recipe of Rosc\u00f3n de Reyes and how to make candied fruits at home, with a moist and tender result. We will also learn 6 more recipes for our Rosc\u00f3n de Reyes, new and different, perfect for the most exquisite palates. Some of them are dedicated to and inspired by the Three Wise Men: Lemon Pie Rosc\u00f3n, &#8220;La Vie en Rose&#8221; Rosc\u00f3n, Black Forest Rosc\u00f3n, Melchior Rosc\u00f3n; Cabrales and apple jam, Gaspar Rosc\u00f3n; Pain d&#8217; \u00e9pices and Balthazar Rosc\u00f3n; Sachertorte. More information in the store.<\/p>\n","protected":false},"featured_media":7493,"comment_status":"open","ping_status":"closed","template":"","meta":{"_bbp_topic_count":0,"_bbp_reply_count":0,"_bbp_total_topic_count":0,"_bbp_total_reply_count":0,"_bbp_voice_count":0,"_bbp_anonymous_reply_count":0,"_bbp_topic_count_hidden":0,"_bbp_reply_count_hidden":0,"_bbp_forum_subforum_count":0,"_uag_custom_page_level_css":"","site-sidebar-layout":"default","site-content-layout":"content-boxed-container","ast-site-content-layout":"normal-width-container","site-content-style":"boxed","site-sidebar-style":"unboxed","ast-global-header-display":"","ast-banner-title-visibility":"","ast-main-header-display":"","ast-hfb-above-header-display":"","ast-hfb-below-header-display":"","ast-hfb-mobile-header-display":"","site-post-title":"","ast-breadcrumbs-content":"","ast-featured-img":"","footer-sml-layout":"","ast-disable-related-posts":"","theme-transparent-header-meta":"default","adv-header-id-meta":"","stick-header-meta":"default","header-above-stick-meta":"","header-main-stick-meta":"","header-below-stick-meta":"","astra-migrate-meta-layouts":"default","ast-page-background-enabled":"default","ast-page-background-meta":{"desktop":{"background-color":"","background-image":"","background-repeat":"repeat","background-position":"center center","background-size":"auto","background-attachment":"scroll","background-type":"","background-media":"","overlay-type":"","overlay-color":"","overlay-opacity":"","overlay-gradient":""},"tablet":{"background-color":"","background-image":"","background-repeat":"repeat","background-position":"center center","background-size":"auto","background-attachment":"scroll","background-type":"","background-media":"","overlay-type":"","overlay-color":"","overlay-opacity":"","overlay-gradient":""},"mobile":{"background-color":"","background-image":"","background-repeat":"repeat","background-position":"center center","background-size":"auto","background-attachment":"scroll","background-type":"","background-media":"","overlay-type":"","overlay-color":"","overlay-opacity":"","overlay-gradient":""}},"ast-content-background-meta":{"desktop":{"background-color":"var(--ast-global-color-5)","background-image":"","background-repeat":"repeat","background-position":"center center","background-size":"auto","background-attachment":"scroll","background-type":"","background-media":"","overlay-type":"","overlay-color":"","overlay-opacity":"","overlay-gradient":""},"tablet":{"background-color":"var(--ast-global-color-5)","background-image":"","background-repeat":"repeat","background-position":"center center","background-size":"auto","background-attachment":"scroll","background-type":"","background-media":"","overlay-type":"","overlay-color":"","overlay-opacity":"","overlay-gradient":""},"mobile":{"background-color":"var(--ast-global-color-5)","background-image":"","background-repeat":"repeat","background-position":"center center","background-size":"auto","background-attachment":"scroll","background-type":"","background-media":"","overlay-type":"","overlay-color":"","overlay-opacity":"","overlay-gradient":""}}},"product_brand":[],"product_cat":[30],"product_tag":[],"class_list":{"0":"post-7946","1":"product","2":"type-product","3":"status-publish","4":"has-post-thumbnail","6":"product_cat-workshops","7":"desktop-align-left","8":"tablet-align-left","9":"mobile-align-left","10":"ast-product-gallery-layout-horizontal-slider","11":"ast-product-tabs-layout-horizontal","13":"first","14":"instock","15":"virtual","16":"sold-individually","17":"taxable","18":"purchasable","19":"product-type-course"},"yoast_head":"<!-- This site is optimized with the Yoast SEO plugin v26.8 - https:\/\/yoast.com\/product\/yoast-seo-wordpress\/ -->\n<title>Rosc\u00f3n de Reyes Workshop - Shop Bake-Street.com<\/title>\n<meta name=\"description\" content=\"Online workshop Rosc\u00f3n de Reyes unsupervised, learn to make your own homemade roscones de Reyes and enjoy the proccess.\" \/>\n<meta name=\"robots\" content=\"index, follow, max-snippet:-1, max-image-preview:large, max-video-preview:-1\" \/>\n<link rel=\"canonical\" href=\"https:\/\/shop.bake-street.com\/producto\/roscon-de-reyes\/\" \/>\n<meta property=\"og:locale\" content=\"en_US\" \/>\n<meta property=\"og:type\" content=\"article\" \/>\n<meta property=\"og:title\" content=\"Rosc\u00f3n de Reyes Workshop - Shop Bake-Street.com\" \/>\n<meta property=\"og:description\" content=\"Online workshop Rosc\u00f3n de Reyes unsupervised, learn to make your own homemade roscones de Reyes and enjoy the proccess.\" \/>\n<meta property=\"og:url\" content=\"https:\/\/shop.bake-street.com\/producto\/roscon-de-reyes\/\" \/>\n<meta property=\"og:site_name\" content=\"Shop Bake-Street.com\" \/>\n<meta property=\"article:publisher\" content=\"https:\/\/www.facebook.com\/bakestreet\" \/>\n<meta property=\"article:modified_time\" content=\"2023-02-17T11:23:51+00:00\" \/>\n<meta property=\"og:image\" content=\"https:\/\/shopstatic.mrjack.es\/wp-content\/uploads\/2020\/12\/roscon_selva_negra.jpg\" \/>\n\t<meta property=\"og:image:width\" content=\"980\" \/>\n\t<meta property=\"og:image:height\" content=\"1200\" \/>\n\t<meta property=\"og:image:type\" content=\"image\/jpeg\" \/>\n<meta name=\"twitter:card\" content=\"summary_large_image\" \/>\n<meta name=\"twitter:site\" content=\"@bakestreetcom\" \/>\n<meta name=\"twitter:label1\" content=\"Est. reading time\" \/>\n\t<meta name=\"twitter:data1\" content=\"4 minutes\" \/>\n<script type=\"application\/ld+json\" class=\"yoast-schema-graph\">{\"@context\":\"https:\/\/schema.org\",\"@graph\":[{\"@type\":\"WebPage\",\"@id\":\"https:\/\/shop.bake-street.com\/producto\/roscon-de-reyes\/\",\"url\":\"https:\/\/shop.bake-street.com\/producto\/roscon-de-reyes\/\",\"name\":\"Rosc\u00f3n de Reyes Workshop - Shop Bake-Street.com\",\"isPartOf\":{\"@id\":\"https:\/\/shop.bake-street.com\/#website\"},\"primaryImageOfPage\":{\"@id\":\"https:\/\/shop.bake-street.com\/producto\/roscon-de-reyes\/#primaryimage\"},\"image\":{\"@id\":\"https:\/\/shop.bake-street.com\/producto\/roscon-de-reyes\/#primaryimage\"},\"thumbnailUrl\":\"https:\/\/shopstatic.mrjack.es\/wp-content\/uploads\/2020\/12\/roscon_selva_negra.jpg\",\"datePublished\":\"2020-12-19T13:53:24+00:00\",\"dateModified\":\"2023-02-17T11:23:51+00:00\",\"description\":\"Online workshop Rosc\u00f3n de Reyes unsupervised, learn to make your own homemade roscones de Reyes and enjoy the proccess.\",\"breadcrumb\":{\"@id\":\"https:\/\/shop.bake-street.com\/producto\/roscon-de-reyes\/#breadcrumb\"},\"inLanguage\":\"en-US\",\"potentialAction\":[{\"@type\":\"ReadAction\",\"target\":[\"https:\/\/shop.bake-street.com\/producto\/roscon-de-reyes\/\"]}]},{\"@type\":\"ImageObject\",\"inLanguage\":\"en-US\",\"@id\":\"https:\/\/shop.bake-street.com\/producto\/roscon-de-reyes\/#primaryimage\",\"url\":\"https:\/\/shopstatic.mrjack.es\/wp-content\/uploads\/2020\/12\/roscon_selva_negra.jpg\",\"contentUrl\":\"https:\/\/shopstatic.mrjack.es\/wp-content\/uploads\/2020\/12\/roscon_selva_negra.jpg\",\"width\":980,\"height\":1200},{\"@type\":\"BreadcrumbList\",\"@id\":\"https:\/\/shop.bake-street.com\/producto\/roscon-de-reyes\/#breadcrumb\",\"itemListElement\":[{\"@type\":\"ListItem\",\"position\":1,\"name\":\"Portada\",\"item\":\"https:\/\/shop.bake-street.com\/en\/\"},{\"@type\":\"ListItem\",\"position\":2,\"name\":\"Shop\",\"item\":\"https:\/\/shop.bake-street.com\/en\/shop\/\"},{\"@type\":\"ListItem\",\"position\":3,\"name\":\"Rosc\u00f3n de Reyes Workshop\"}]},{\"@type\":\"WebSite\",\"@id\":\"https:\/\/shop.bake-street.com\/#website\",\"url\":\"https:\/\/shop.bake-street.com\/\",\"name\":\"Shop Bake-Street.com\",\"description\":\"\",\"publisher\":{\"@id\":\"https:\/\/shop.bake-street.com\/#organization\"},\"potentialAction\":[{\"@type\":\"SearchAction\",\"target\":{\"@type\":\"EntryPoint\",\"urlTemplate\":\"https:\/\/shop.bake-street.com\/?s={search_term_string}\"},\"query-input\":{\"@type\":\"PropertyValueSpecification\",\"valueRequired\":true,\"valueName\":\"search_term_string\"}}],\"inLanguage\":\"en-US\"},{\"@type\":\"Organization\",\"@id\":\"https:\/\/shop.bake-street.com\/#organization\",\"name\":\"Shop Bake-Street.com\",\"url\":\"https:\/\/shop.bake-street.com\/\",\"logo\":{\"@type\":\"ImageObject\",\"inLanguage\":\"en-US\",\"@id\":\"https:\/\/shop.bake-street.com\/#\/schema\/logo\/image\/\",\"url\":\"https:\/\/shopstatic.mrjack.es\/wp-content\/uploads\/2017\/12\/cropped-logo-shop.png\",\"contentUrl\":\"https:\/\/shopstatic.mrjack.es\/wp-content\/uploads\/2017\/12\/cropped-logo-shop.png\",\"width\":275,\"height\":110,\"caption\":\"Shop Bake-Street.com\"},\"image\":{\"@id\":\"https:\/\/shop.bake-street.com\/#\/schema\/logo\/image\/\"},\"sameAs\":[\"https:\/\/www.facebook.com\/bakestreet\",\"https:\/\/x.com\/bakestreetcom\",\"https:\/\/www.instagram.com\/bakestreet\/\",\"https:\/\/es.pinterest.com\/bakestreet\/\",\"https:\/\/www.youtube.com\/user\/bakestreetcom\"]}]}<\/script>\n<!-- \/ Yoast SEO plugin. -->","yoast_head_json":{"title":"Rosc\u00f3n de Reyes Workshop - Shop Bake-Street.com","description":"Online workshop Rosc\u00f3n de Reyes unsupervised, learn to make your own homemade roscones de Reyes and enjoy the proccess.","robots":{"index":"index","follow":"follow","max-snippet":"max-snippet:-1","max-image-preview":"max-image-preview:large","max-video-preview":"max-video-preview:-1"},"canonical":"https:\/\/shop.bake-street.com\/producto\/roscon-de-reyes\/","og_locale":"en_US","og_type":"article","og_title":"Rosc\u00f3n de Reyes Workshop - Shop Bake-Street.com","og_description":"Online workshop Rosc\u00f3n de Reyes unsupervised, learn to make your own homemade roscones de Reyes and enjoy the proccess.","og_url":"https:\/\/shop.bake-street.com\/producto\/roscon-de-reyes\/","og_site_name":"Shop Bake-Street.com","article_publisher":"https:\/\/www.facebook.com\/bakestreet","article_modified_time":"2023-02-17T11:23:51+00:00","og_image":[{"width":980,"height":1200,"url":"https:\/\/shopstatic.mrjack.es\/wp-content\/uploads\/2020\/12\/roscon_selva_negra.jpg","type":"image\/jpeg"}],"twitter_card":"summary_large_image","twitter_site":"@bakestreetcom","twitter_misc":{"Est. reading time":"4 minutes"},"schema":{"@context":"https:\/\/schema.org","@graph":[{"@type":"WebPage","@id":"https:\/\/shop.bake-street.com\/producto\/roscon-de-reyes\/","url":"https:\/\/shop.bake-street.com\/producto\/roscon-de-reyes\/","name":"Rosc\u00f3n de Reyes Workshop - Shop Bake-Street.com","isPartOf":{"@id":"https:\/\/shop.bake-street.com\/#website"},"primaryImageOfPage":{"@id":"https:\/\/shop.bake-street.com\/producto\/roscon-de-reyes\/#primaryimage"},"image":{"@id":"https:\/\/shop.bake-street.com\/producto\/roscon-de-reyes\/#primaryimage"},"thumbnailUrl":"https:\/\/shopstatic.mrjack.es\/wp-content\/uploads\/2020\/12\/roscon_selva_negra.jpg","datePublished":"2020-12-19T13:53:24+00:00","dateModified":"2023-02-17T11:23:51+00:00","description":"Online workshop Rosc\u00f3n de Reyes unsupervised, learn to make your own homemade roscones de Reyes and enjoy the proccess.","breadcrumb":{"@id":"https:\/\/shop.bake-street.com\/producto\/roscon-de-reyes\/#breadcrumb"},"inLanguage":"en-US","potentialAction":[{"@type":"ReadAction","target":["https:\/\/shop.bake-street.com\/producto\/roscon-de-reyes\/"]}]},{"@type":"ImageObject","inLanguage":"en-US","@id":"https:\/\/shop.bake-street.com\/producto\/roscon-de-reyes\/#primaryimage","url":"https:\/\/shopstatic.mrjack.es\/wp-content\/uploads\/2020\/12\/roscon_selva_negra.jpg","contentUrl":"https:\/\/shopstatic.mrjack.es\/wp-content\/uploads\/2020\/12\/roscon_selva_negra.jpg","width":980,"height":1200},{"@type":"BreadcrumbList","@id":"https:\/\/shop.bake-street.com\/producto\/roscon-de-reyes\/#breadcrumb","itemListElement":[{"@type":"ListItem","position":1,"name":"Portada","item":"https:\/\/shop.bake-street.com\/en\/"},{"@type":"ListItem","position":2,"name":"Shop","item":"https:\/\/shop.bake-street.com\/en\/shop\/"},{"@type":"ListItem","position":3,"name":"Rosc\u00f3n de Reyes Workshop"}]},{"@type":"WebSite","@id":"https:\/\/shop.bake-street.com\/#website","url":"https:\/\/shop.bake-street.com\/","name":"Shop Bake-Street.com","description":"","publisher":{"@id":"https:\/\/shop.bake-street.com\/#organization"},"potentialAction":[{"@type":"SearchAction","target":{"@type":"EntryPoint","urlTemplate":"https:\/\/shop.bake-street.com\/?s={search_term_string}"},"query-input":{"@type":"PropertyValueSpecification","valueRequired":true,"valueName":"search_term_string"}}],"inLanguage":"en-US"},{"@type":"Organization","@id":"https:\/\/shop.bake-street.com\/#organization","name":"Shop Bake-Street.com","url":"https:\/\/shop.bake-street.com\/","logo":{"@type":"ImageObject","inLanguage":"en-US","@id":"https:\/\/shop.bake-street.com\/#\/schema\/logo\/image\/","url":"https:\/\/shopstatic.mrjack.es\/wp-content\/uploads\/2017\/12\/cropped-logo-shop.png","contentUrl":"https:\/\/shopstatic.mrjack.es\/wp-content\/uploads\/2017\/12\/cropped-logo-shop.png","width":275,"height":110,"caption":"Shop Bake-Street.com"},"image":{"@id":"https:\/\/shop.bake-street.com\/#\/schema\/logo\/image\/"},"sameAs":["https:\/\/www.facebook.com\/bakestreet","https:\/\/x.com\/bakestreetcom","https:\/\/www.instagram.com\/bakestreet\/","https:\/\/es.pinterest.com\/bakestreet\/","https:\/\/www.youtube.com\/user\/bakestreetcom"]}]}},"uagb_featured_image_src":{"full":["https:\/\/shopstatic.mrjack.es\/wp-content\/uploads\/2020\/12\/roscon_selva_negra.jpg",980,1200,false],"thumbnail":["https:\/\/shopstatic.mrjack.es\/wp-content\/uploads\/2020\/12\/roscon_selva_negra-150x150.jpg",150,150,true],"medium":["https:\/\/shopstatic.mrjack.es\/wp-content\/uploads\/2020\/12\/roscon_selva_negra-245x300.jpg",245,300,true],"medium_large":["https:\/\/shopstatic.mrjack.es\/wp-content\/uploads\/2020\/12\/roscon_selva_negra-768x940.jpg",768,940,true],"large":["https:\/\/shopstatic.mrjack.es\/wp-content\/uploads\/2020\/12\/roscon_selva_negra-836x1024.jpg",836,1024,true],"1536x1536":["https:\/\/shopstatic.mrjack.es\/wp-content\/uploads\/2020\/12\/roscon_selva_negra.jpg",980,1200,false],"2048x2048":["https:\/\/shopstatic.mrjack.es\/wp-content\/uploads\/2020\/12\/roscon_selva_negra.jpg",980,1200,false],"d4p-bbp-thumb":["https:\/\/shopstatic.mrjack.es\/wp-content\/uploads\/2020\/12\/roscon_selva_negra.jpg",59,72,false],"woocommerce_thumbnail":["https:\/\/shopstatic.mrjack.es\/wp-content\/uploads\/2020\/12\/roscon_selva_negra-300x300.jpg",300,300,true],"woocommerce_single":["https:\/\/shopstatic.mrjack.es\/wp-content\/uploads\/2020\/12\/roscon_selva_negra-600x735.jpg",600,735,true],"woocommerce_gallery_thumbnail":["https:\/\/shopstatic.mrjack.es\/wp-content\/uploads\/2020\/12\/roscon_selva_negra-100x100.jpg",100,100,true]},"uagb_author_info":{"display_name":"gnunez","author_link":"https:\/\/shop.bake-street.com\/en\/author\/"},"uagb_comment_info":0,"uagb_excerpt":"Make your own roscones at home and, not only will you surprise your relatives, but you will also enjoy the whole process of elaboration. Learn how to elaborate the traditional recipe of Rosc\u00f3n de Reyes and how to make candied fruits at home, with a moist and tender result. We will also learn 6 more&hellip;","_links":{"self":[{"href":"https:\/\/shop.bake-street.com\/en\/wp-json\/wp\/v2\/product\/7946","targetHints":{"allow":["GET"]}}],"collection":[{"href":"https:\/\/shop.bake-street.com\/en\/wp-json\/wp\/v2\/product"}],"about":[{"href":"https:\/\/shop.bake-street.com\/en\/wp-json\/wp\/v2\/types\/product"}],"replies":[{"embeddable":true,"href":"https:\/\/shop.bake-street.com\/en\/wp-json\/wp\/v2\/comments?post=7946"}],"version-history":[{"count":3,"href":"https:\/\/shop.bake-street.com\/en\/wp-json\/wp\/v2\/product\/7946\/revisions"}],"predecessor-version":[{"id":17752,"href":"https:\/\/shop.bake-street.com\/en\/wp-json\/wp\/v2\/product\/7946\/revisions\/17752"}],"wp:featuredmedia":[{"embeddable":true,"href":"https:\/\/shop.bake-street.com\/en\/wp-json\/wp\/v2\/media\/7493"}],"wp:attachment":[{"href":"https:\/\/shop.bake-street.com\/en\/wp-json\/wp\/v2\/media?parent=7946"}],"wp:term":[{"taxonomy":"product_brand","embeddable":true,"href":"https:\/\/shop.bake-street.com\/en\/wp-json\/wp\/v2\/product_brand?post=7946"},{"taxonomy":"product_cat","embeddable":true,"href":"https:\/\/shop.bake-street.com\/en\/wp-json\/wp\/v2\/product_cat?post=7946"},{"taxonomy":"product_tag","embeddable":true,"href":"https:\/\/shop.bake-street.com\/en\/wp-json\/wp\/v2\/product_tag?post=7946"}],"curies":[{"name":"wp","href":"https:\/\/api.w.org\/{rel}","templated":true}]}}